{"id":12,"date":"2023-12-02T10:11:46","date_gmt":"2023-12-02T09:11:46","guid":{"rendered":"https:\/\/nachoblanco.es\/de\/?page_id=12"},"modified":"2023-12-02T10:11:47","modified_gmt":"2023-12-02T09:11:47","slug":"crowdlending-empfehlungscode","status":"publish","type":"page","link":"https:\/\/nachoblanco.es\/de\/crowdlending-empfehlungscode\/","title":{"rendered":"Crowdlending-Empfehlungscode"},"content":{"rendered":"\n<p>Auf dieser Seite finden Sie Crowdlending-Empfehlungscodes f\u00fcr die Plattformen, die ich zum Investieren verwende. Wenn Sie sich \u00fcber die von mir bereitgestellten Links oder durch die Eingabe von Empfehlungscodes registrieren, erhalten Sie darauf Boni.<\/p>\n\n\n\n<p>Crowdlending ist Crowdfunding f\u00fcr Kredite. Das hei\u00dft, viele Kleinkredite erm\u00f6glichen die Finanzierung eines mittleren oder gro\u00dfen Projekts. Dem Unternehmen oder der Person, die den Kredit erh\u00e4lt, gelingt es, sein Projekt zu finanzieren, und die zahlreichen Kreditgeber erhalten f\u00fcr die Kreditvergabe eine wirtschaftliche Rendite.<\/p>\n\n\n\n<figure class=\"wp-block-pullquote\"><blockquote><p>Viele Crowdlending-Plattformen verf\u00fcgen \u00fcber Empfehlungscodes, mit denen sie Anlegern bei ihrer ersten Transaktion Vorteile bieten<\/p><\/blockquote><\/figure>\n\n\n\n<p>M\u00f6chten Sie einen Vorteil erhalten, wenn Sie sich anmelden, um in Crowdlending zu investieren? Wenn Sie dies \u00fcber eine Einladung tun, k\u00f6nnen sowohl Sie als auch die Person, die Sie einl\u00e4dt, einen gewissen Nutzen daraus ziehen. Diese Vorteile k\u00f6nnen ein Anfangs- oder Erg\u00e4nzungsbetrag f\u00fcr Ihre ersten Investitionen, ein verbesserter Zinssatz usw. sein. Auf dieser Seite werde ich die Einladungen zu den verschiedenen Plattformen ver\u00f6ffentlichen, auf denen ich diversifizierte Investitionen get\u00e4tigt habe, damit Sie sie nutzen oder bei mir anfordern k\u00f6nnen (einige k\u00f6nnen nicht ver\u00f6ffentlicht werden und Sie m\u00fcssen sie dazu bei mir anfordern). Ich kann sie Ihnen zur Verf\u00fcgung stellen).<\/p>\n\n\n\n<h2 class=\"wp-block-heading\">Crowdlending-Empfehlungscode f\u00fcr die Equito-App<\/h2>\n\n\n\n<figure class=\"wp-block-image aligncenter\"><img decoding=\"async\" src=\"https:\/\/nachoblanco.es\/wp-content\/uploads\/2023\/04\/equito-1.png\" alt=\"C\u00f3digo de referido crowdlending equito.app\" class=\"wp-image-466\"\/><\/figure>\n\n\n\n<p>Um es zu nutzen, m\u00fcssen Sie bei der Registrierung auf der Plattform lediglich den Code <strong>IB894<\/strong> eingeben. Um sich zu registrieren, m\u00fcssen Sie dies im Antrag tun. Hier k\u00f6nnen Sie es f\u00fcr Android herunterladen. Und hier k\u00f6nnen Sie es f\u00fcr Apple herunterladen.<\/p>\n\n\n\n<figure class=\"wp-block-image aligncenter size-full is-resized\"><img loading=\"lazy\" decoding=\"async\" width=\"620\" height=\"345\" src=\"https:\/\/nachoblanco.es\/de\/wp-content\/uploads\/2023\/12\/image.png\" alt=\"\" class=\"wp-image-13\" style=\"width:400px\" srcset=\"https:\/\/nachoblanco.es\/de\/wp-content\/uploads\/2023\/12\/image.png 620w, https:\/\/nachoblanco.es\/de\/wp-content\/uploads\/2023\/12\/image-300x167.png 300w\" sizes=\"auto, (max-width: 620px) 100vw, 620px\" \/><\/figure>\n\n\n\n<p>Erhalten Sie einen Bargeldbonus, indem Sie den Empfehlungscode IB894 eingeben, wenn Sie mindestens 2 Token in Equito investieren.<br>Geben Sie nach dem Herunterladen Ihre Daten ein und geben Sie im letzten Feld den Code IB894 ein. Die Vorteile, die Sie bei Ihrer ersten Investition haben, sind die folgenden:<\/p>\n\n\n\n<p>Wenn Sie investieren, erzielen Sie Rentabilit\u00e4t<br><\/p>\n\n\n\n<figure class=\"wp-block-table is-style-stripes\"><table><tbody><tr><td class=\"has-text-align-center\" data-align=\"center\"><strong>Investierst<\/strong><\/td><td class=\"has-text-align-center\" data-align=\"center\"><strong>Erh\u00e4ltst<\/strong><\/td><td class=\"has-text-align-center\" data-align=\"center\"><strong>Kosteneffektivit\u00e4t<\/strong><\/td><\/tr><tr><td class=\"has-text-align-center\" data-align=\"center\">200 \u20ac<\/td><td class=\"has-text-align-center\" data-align=\"center\">10 \u20ac<\/td><td class=\"has-text-align-center\" data-align=\"center\">5 %<\/td><\/tr><tr><td class=\"has-text-align-center\" data-align=\"center\">500 \u20ac<\/td><td class=\"has-text-align-center\" data-align=\"center\">30 \u20ac<\/td><td class=\"has-text-align-center\" data-align=\"center\">6 %<\/td><\/tr><tr><td class=\"has-text-align-center\" data-align=\"center\">1.000 \u20ac<\/td><td class=\"has-text-align-center\" data-align=\"center\">70 \u20ac<\/td><td class=\"has-text-align-center\" data-align=\"center\">7 %<\/td><\/tr><tr><td class=\"has-text-align-center\" data-align=\"center\">5.000 \u20ac<\/td><td class=\"has-text-align-center\" data-align=\"center\">300 \u20ac<\/td><td class=\"has-text-align-center\" data-align=\"center\">6 %<\/td><\/tr><\/tbody><\/table><figcaption class=\"wp-element-caption\">Empfehlungsboni f\u00fcr Equito.app<\/figcaption><\/figure>\n\n\n\n<h2 class=\"wp-block-heading\"><br>Investieren Sie in Civislend<\/h2>\n\n\n\n<figure class=\"wp-block-image aligncenter\"><img loading=\"lazy\" decoding=\"async\" width=\"182\" height=\"86\" src=\"https:\/\/nachoblanco.es\/de\/wp-content\/uploads\/2023\/12\/image-1.png\" alt=\"La imagen tiene un atributo ALT vac\u00edo; su nombre de archivo es Civislend-Fondo-Blanco.png\" class=\"wp-image-14\"\/><\/figure>\n\n\n\n<p>Civislend ist eine Immobilien-Crowdfunding-Plattform, die seit 2017 bei der CNMV registriert ist. Wenn Sie sich \u00fcber diesen Link registrieren: <a href=\"https:\/\/www.civislend.com\/registro?referrer=2VrZqlX03B\">https:\/\/www.civislend.com\/registro?referrer=2VrZqlX03B<\/a>, erhalten Sie diese Vorteile:<\/p>\n\n\n\n<figure class=\"wp-block-table is-style-stripes\"><table><tbody><tr><td class=\"has-text-align-center\" data-align=\"center\"><strong>Investierst<\/strong><\/td><td class=\"has-text-align-center\" data-align=\"center\"><strong>Erh\u00e4ltst<\/strong><\/td><td class=\"has-text-align-center\" data-align=\"center\"><strong>Kosteneffektivit\u00e4t<\/strong><\/td><\/tr><tr><td class=\"has-text-align-center\" data-align=\"center\">250 -1.499 \u20ac<\/td><td class=\"has-text-align-center\" data-align=\"center\">25 \u20ac<\/td><td class=\"has-text-align-center\" data-align=\"center\">10 &#8211; 1,66 %<\/td><\/tr><tr><td class=\"has-text-align-center\" data-align=\"center\">1.500 &#8211; 2.999 \u20ac<\/td><td class=\"has-text-align-center\" data-align=\"center\">50 \u20ac<\/td><td class=\"has-text-align-center\" data-align=\"center\">3,33 &#8211; 1,66 %<\/td><\/tr><tr><td class=\"has-text-align-center\" data-align=\"center\">3.000 \u20ac oder mehr<\/td><td class=\"has-text-align-center\" data-align=\"center\">75 \u20ac<\/td><td class=\"has-text-align-center\" data-align=\"center\">1,66 %<\/td><\/tr><\/tbody><\/table><figcaption class=\"wp-element-caption\">Empfehlungsboni f\u00fcr Civislend<\/figcaption><\/figure>\n\n\n\n<h2 class=\"wp-block-heading\">Wecity-Crowdlending-Empfehlungscode<\/h2>\n\n\n\n<figure class=\"wp-block-image aligncenter\"><img loading=\"lazy\" decoding=\"async\" width=\"325\" height=\"88\" src=\"https:\/\/nachoblanco.es\/de\/wp-content\/uploads\/2023\/12\/image-4.png\" alt=\"Logo Wecity\" class=\"wp-image-19\" srcset=\"https:\/\/nachoblanco.es\/de\/wp-content\/uploads\/2023\/12\/image-4.png 325w, https:\/\/nachoblanco.es\/de\/wp-content\/uploads\/2023\/12\/image-4-300x81.png 300w\" sizes=\"auto, (max-width: 325px) 100vw, 325px\" \/><\/figure>\n\n\n\n<p>Die kollaborative Investmentplattform Wecity verf\u00fcgt \u00fcber ein Empfehlungsprogramm, das auf einem Crowdlending-Empfehlungscode basiert. Um von diesem Programm zu profitieren, m\u00fcssen Sie sich lediglich bei Wecity registrieren und dabei diesen Empfehlungscode eingeben: <strong>WECITY-M9N1SV<\/strong>. Wenn Sie Ihre erste Investition t\u00e4tigen, erhalten Sie einen Restbetrag von 50 \u20ac f\u00fcr die n\u00e4chste. Meine Meinung zu wecity k\u00f6nnen Sie in meinem Blog-Bereich lesen.<\/p>\n\n\n\n<h2 class=\"wp-block-heading\">Investieren Sie in Crowdlending mit Ecrowd Invest<\/h2>\n\n\n\n<figure class=\"wp-block-image aligncenter is-resized\"><img loading=\"lazy\" decoding=\"async\" width=\"650\" height=\"433\" src=\"https:\/\/nachoblanco.es\/de\/wp-content\/uploads\/2023\/12\/image-1.jpeg\" alt=\"La imagen tiene un atributo ALT vac\u00edo; su nombre de archivo es Ecrowd-peq.jpg\" class=\"wp-image-18\" style=\"width:400px\" srcset=\"https:\/\/nachoblanco.es\/de\/wp-content\/uploads\/2023\/12\/image-1.jpeg 650w, https:\/\/nachoblanco.es\/de\/wp-content\/uploads\/2023\/12\/image-1-300x200.jpeg 300w\" sizes=\"auto, (max-width: 650px) 100vw, 650px\" \/><\/figure>\n\n\n\n<p>Wenn Sie \u00fcber diesen Link in Ecrowd Invest investieren, erhalten wir beide zus\u00e4tzlich 0,50 % Zinsen auf den n\u00e4chsten Kredit.<\/p>\n\n\n\n<p>Ecrowd Invest ist eine spanische Plattform f\u00fcr Investitionen in Crowdfunding-\u00e4hnliches Crowdlending, die nur Projekte finanziert, die etwas f\u00fcr die Gesellschaft beitragen. Ich nutze es seit 2014 zufriedenstellend. Zinss\u00e4tze um die 3,5-4 % und ethische Anlagerenditen sowie lange Renditelaufzeiten von bis zu 8 Jahren. Rendite auf monatliches Investitionskapital + Zinsen, relativ einfache Reinvestition der Gewinne, sofern Projekte zu finanzieren sind. Meine Meinung zu Ecrowd Invest erfahren Sie in den verschiedenen Beitr\u00e4gen auf meinem Blog.<\/p>\n\n\n\n<h2 class=\"wp-block-heading\">Urbanitae-Crowdlending-Empfehlungscode<\/h2>\n\n\n\n<figure class=\"wp-block-image aligncenter is-resized\"><img loading=\"lazy\" decoding=\"async\" width=\"492\" height=\"200\" src=\"https:\/\/nachoblanco.es\/de\/wp-content\/uploads\/2023\/12\/image-2.png\" alt=\"Aqu\u00ed puedes conseguir el c\u00f3digo de referido crowdlending de Urbanitae\" class=\"wp-image-15\" style=\"width:400px\" srcset=\"https:\/\/nachoblanco.es\/de\/wp-content\/uploads\/2023\/12\/image-2.png 492w, https:\/\/nachoblanco.es\/de\/wp-content\/uploads\/2023\/12\/image-2-300x122.png 300w\" sizes=\"auto, (max-width: 492px) 100vw, 492px\" \/><\/figure>\n\n\n\n<p>Hier erhalten Sie den Crowdlending-Empfehlungscode von Urbanitae<br>Das Empfehlungssystem der Immobilien-Crowdfunding-Plattform Urbanitae belohnt den Gast und den Einladenden mit 25 \u20ac, 50 \u20ac oder 75 \u20ac, sobald der Gast 500 \u20ac, 1.500 \u20ac bzw. 3.000 \u20ac investiert hat. Profitieren Sie von diesem Link.<\/p>\n\n\n\n<p>Diese Plattform erm\u00f6glicht es Ihnen, in Immobilien-Crowdlending zu investieren. Das Gute an diesen Projekten ist, dass sie eine hohe Rentabilit\u00e4t in relativ kurzer Zeit (ca. 2 Jahre) versprechen. Dabei handelt es sich um Immobilienentwickler, die ihre Projekte mit einem Teil der Finanzierung \u00fcber die Plattform entwickeln. Die Rentabilit\u00e4t der Projekte betr\u00e4gt 10-30 %. Ja, Zinsen bis zu 30 %! Ob dies wirklich der Fall ist, werde ich Ihnen sagen, wenn die hochprofitablen Projekte, die ich auf der Plattform ge\u00f6ffnet habe, im Sommer 2023 geschlossen werden. Den Fortschritt eines Projekts mit 30 % Rentabilit\u00e4t k\u00f6nnen Sie auf meinem Blog verfolgen. Mindestinvestitionsbetrag von 500 \u20ac pro Projekt. Die Projekttr\u00e4ger berichten \u00fcber die Plattform regelm\u00e4\u00dfig mit zuverl\u00e4ssigen Informationen \u00fcber den Fortschritt der Projekte. Weitere Informationen und Meinungen zu Urbanitae auf meinem Blog.<\/p>\n\n\n\n<h2 class=\"wp-block-heading\">Investieren Sie in Crowdlending mit Evenfi<\/h2>\n\n\n\n<figure class=\"wp-block-image aligncenter size-full is-resized\"><img decoding=\"async\" src=\"https:\/\/nachoblanco.es\/wp-content\/uploads\/2023\/06\/Logo-Evenfi-peq.png\" alt=\"\" class=\"wp-image-655\" style=\"width:266px;height:107px\"\/><\/figure>\n\n\n\n<p>Wenn Sie sich \u00fcber diesen Link registrieren, schenkt Ihnen die italienische Plattform f\u00fcr gemeinsame Anlagen 20 EuroBonus nach Abschluss der Finanzierung des ersten Projekts, in das Sie investieren.<\/p>\n\n\n\n<p>Vorher bekannt als Criptalia, Evenfi erm\u00f6glicht es Ihnen, in Crowdlending in Form von Crowdfunding zu investieren und Ihr Geld an Unternehmen zu verleihen. Es ist Ecrowd Invest sehr \u00e4hnlich. Investitionen f\u00fcr Projekte in Italien und Spanien, die auf der Plattform ver\u00f6ffentlicht werden. Zinss\u00e4tze zwischen 8-9%. Anlagelaufzeiten zwischen 9 und 48 Monaten. Verschiedene Arten der Kapitalrendite, wobei der Bullet-Typ vorherrscht (monatliche Zinszahlung und Kapitalr\u00fcckzahlung am Ende der Gesamtlaufzeit). Eine ausreichend hohe Anzahl zu finanzierender Projekte.<\/p>\n\n\n\n<p>Die Konkurrenz um Aktien ist relativ gro\u00df, was dazu f\u00fchren kann, dass man einen Kredit verpasst, wenn man nicht schnell ist. Sie k\u00f6nnen monatlich wiederkehrend Kapital einzahlen, um monatlich zu sparen. Diese Option gibt Ihnen den Vorzug bei der Investition in neue Kredite.<\/p>\n\n\n\n<p>Es gibt auch einen Sekund\u00e4rmarkt, auf dem Sie Ihre Anteile im Voraus verkaufen und Anteile an bereits abgeschlossenen Krediten kaufen k\u00f6nnen. Weitere Informationen und meine Meinung zu Evenfi von Criptalia in meinen Blogbeitr\u00e4gen.<\/p>\n\n\n\n<h2 class=\"wp-block-heading\">Ethihub<\/h2>\n\n\n\n<figure class=\"wp-block-image aligncenter is-resized\"><img loading=\"lazy\" decoding=\"async\" width=\"400\" height=\"125\" src=\"https:\/\/nachoblanco.es\/de\/wp-content\/uploads\/2023\/12\/image.jpeg\" alt=\"La imagen tiene un atributo ALT vac\u00edo; su nombre de archivo es Logo-Ethichub-peq.jpg\" class=\"wp-image-17\" style=\"width:400px\" srcset=\"https:\/\/nachoblanco.es\/de\/wp-content\/uploads\/2023\/12\/image.jpeg 400w, https:\/\/nachoblanco.es\/de\/wp-content\/uploads\/2023\/12\/image-300x94.jpeg 300w\" sizes=\"auto, (max-width: 400px) 100vw, 400px\" \/><\/figure>\n\n\n\n<p>Registrieren Sie sich \u00fcber diesen Link bei Ethichub, um von der Einladungsaktion zu profitieren: https:\/\/app.ethichub.com\/get-started\/evdLaLvA<\/p>\n\n\n\n<p>Sie k\u00f6nnen \u00fcber Ethichub in die Kaffeeproduktion investieren. Hierbei handelt es sich um eine auf DeFi (dezentralisierte Finanzierung) basierende Plattform, deren Betrieb ohne Banken und traditionelle Finanzdienstleister auskommt. Die Investitionen werden durch die eigene W\u00e4hrung Ethix abgesichert. Das bedeutet, dass es im Falle eines Zahlungsausfalls einen Entsch\u00e4digungsfonds gibt, der den Kapitalbetrag und die Zinsen an die Anleger zur\u00fcckzahlt.<\/p>\n\n\n\n<p>Die Aktion besteht aus 5 zus\u00e4tzlichen DAI (Dollar) bei einer Mindestinvestition von 100 \u20ac.<\/p>\n\n\n\n<h2 class=\"wp-block-heading\">Fundeen<\/h2>\n\n\n\n<figure class=\"wp-block-image aligncenter is-resized\"><img loading=\"lazy\" decoding=\"async\" width=\"346\" height=\"98\" src=\"https:\/\/nachoblanco.es\/de\/wp-content\/uploads\/2023\/12\/image-3.png\" alt=\"Cu\u00e1l es el c\u00f3digo de referido crowdlending para Fundeen\" class=\"wp-image-16\" style=\"width:400px\" srcset=\"https:\/\/nachoblanco.es\/de\/wp-content\/uploads\/2023\/12\/image-3.png 346w, https:\/\/nachoblanco.es\/de\/wp-content\/uploads\/2023\/12\/image-3-300x85.png 300w\" sizes=\"auto, (max-width: 346px) 100vw, 346px\" \/><\/figure>\n\n\n\n<p><br>Was ist der Crowdlending-Empfehlungscode f\u00fcr Fundeen?<br>Wenn Sie mit dem Crowdlending-Empfehlungscode <strong>IGNABLAN86B2<\/strong> in Fundeen investieren, erhalten Sie 30 \u20ac, 100 \u20ac oder 250 \u20ac, wenn Sie bis zu 4.999 \u20ac, 49.999 \u20ac bzw. mehr als 50.000 \u20ac investieren. Registrieren Sie sich auf dieser Website und geben Sie dort direkt unter dem Passwort den Code ein.<\/p>\n\n\n\n<p>Die Crowdfunding-Plattform Fundeen bietet Investitionen in erneuerbare Energieprojekte mit akzeptablen Renditen zwischen etwa 4 und 7,5 %. Es finanziert die F\u00f6rderung der Photovoltaik-Solarenergie und ist in der Lage, Projekte im Wert von knapp einer Million Euro zu mobilisieren. Der Einstieg war f\u00fcr sie schwierig, aber es scheint, dass sie bereits Fahrt aufnehmen und ihre Reichweite au\u00dferhalb Spaniens erweitern. Die R\u00fcckzahlungsfristen sind sehr langfristig (30 Jahre) und es gibt einen sekund\u00e4ren Marktplatz, auf dem Sie Anteile an laufenden Projekten verkaufen und kaufen k\u00f6nnen. Erfahren Sie mehr \u00fcber die Fundeen-Plattform und meine Meinung in meinen Blogbeitr\u00e4gen.<\/p>\n","protected":false},"excerpt":{"rendered":"<p>Auf dieser Seite finden Sie Crowdlending-Empfehlungscodes f\u00fcr die Plattformen, die ich zum Investieren verwende. Wenn Sie sich \u00fcber die von mir bereitgestellten Links oder durch die Eingabe von Empfehlungscodes registrieren, erhalten Sie darauf Boni. Crowdlending ist Crowdfunding f\u00fcr Kredite. Das hei\u00dft, viele Kleinkredite erm\u00f6glichen die Finanzierung eines mittleren oder gro\u00dfen Projekts. Dem Unternehmen oder der [&hellip;]<\/p>\n","protected":false},"author":1,"featured_media":0,"parent":0,"menu_order":0,"comment_status":"closed","ping_status":"closed","template":"","meta":{"footnotes":""},"class_list":["post-12","page","type-page","status-publish","hentry"],"yoast_head":"<!-- This site is optimized with the Yoast SEO plugin v27.4 - https:\/\/yoast.com\/product\/yoast-seo-wordpress\/ -->\n<title>Crowdlending-Empfehlungscode - Nacho Blancos blog<\/title>\n<meta name=\"description\" content=\"Hier erhalten Sie den Crowdlending-Empfehlungscode f\u00fcr die Plattformen, mit denen ich zusammenarbeite oder das Empfehlungssystem f\u00fcr jede\" \/>\n<meta name=\"robots\" content=\"index, follow, max-snippet:-1, max-image-preview:large, max-video-preview:-1\" \/>\n<link rel=\"canonical\" href=\"https:\/\/nachoblanco.es\/de\/crowdlending-empfehlungscode\/\" \/>\n<meta property=\"og:locale\" content=\"es_ES\" \/>\n<meta property=\"og:type\" content=\"article\" \/>\n<meta property=\"og:title\" content=\"Crowdlending-Empfehlungscode - Nacho Blancos blog\" \/>\n<meta property=\"og:description\" content=\"Hier erhalten Sie den Crowdlending-Empfehlungscode f\u00fcr die Plattformen, mit denen ich zusammenarbeite oder das Empfehlungssystem f\u00fcr jede\" \/>\n<meta property=\"og:url\" content=\"https:\/\/nachoblanco.es\/de\/crowdlending-empfehlungscode\/\" \/>\n<meta property=\"og:site_name\" content=\"Nacho Blancos blog\" \/>\n<meta property=\"article:modified_time\" content=\"2023-12-02T09:11:47+00:00\" \/>\n<meta property=\"og:image\" content=\"https:\/\/nachoblanco.es\/wp-content\/uploads\/2023\/04\/equito-1.png\" \/>\n<meta name=\"twitter:card\" content=\"summary_large_image\" \/>\n<meta name=\"twitter:label1\" content=\"Tiempo de lectura\" \/>\n\t<meta name=\"twitter:data1\" content=\"7 minutos\" \/>\n<script type=\"application\/ld+json\" class=\"yoast-schema-graph\">{\"@context\":\"https:\\\/\\\/schema.org\",\"@graph\":[{\"@type\":\"WebPage\",\"@id\":\"https:\\\/\\\/nachoblanco.es\\\/de\\\/crowdlending-empfehlungscode\\\/\",\"url\":\"https:\\\/\\\/nachoblanco.es\\\/de\\\/crowdlending-empfehlungscode\\\/\",\"name\":\"Crowdlending-Empfehlungscode - Nacho Blancos blog\",\"isPartOf\":{\"@id\":\"https:\\\/\\\/nachoblanco.es\\\/de\\\/#website\"},\"primaryImageOfPage\":{\"@id\":\"https:\\\/\\\/nachoblanco.es\\\/de\\\/crowdlending-empfehlungscode\\\/#primaryimage\"},\"image\":{\"@id\":\"https:\\\/\\\/nachoblanco.es\\\/de\\\/crowdlending-empfehlungscode\\\/#primaryimage\"},\"thumbnailUrl\":\"https:\\\/\\\/nachoblanco.es\\\/wp-content\\\/uploads\\\/2023\\\/04\\\/equito-1.png\",\"datePublished\":\"2023-12-02T09:11:46+00:00\",\"dateModified\":\"2023-12-02T09:11:47+00:00\",\"description\":\"Hier erhalten Sie den Crowdlending-Empfehlungscode f\u00fcr die Plattformen, mit denen ich zusammenarbeite oder das Empfehlungssystem f\u00fcr jede\",\"breadcrumb\":{\"@id\":\"https:\\\/\\\/nachoblanco.es\\\/de\\\/crowdlending-empfehlungscode\\\/#breadcrumb\"},\"inLanguage\":\"es\",\"potentialAction\":[{\"@type\":\"ReadAction\",\"target\":[\"https:\\\/\\\/nachoblanco.es\\\/de\\\/crowdlending-empfehlungscode\\\/\"]}]},{\"@type\":\"ImageObject\",\"inLanguage\":\"es\",\"@id\":\"https:\\\/\\\/nachoblanco.es\\\/de\\\/crowdlending-empfehlungscode\\\/#primaryimage\",\"url\":\"https:\\\/\\\/nachoblanco.es\\\/wp-content\\\/uploads\\\/2023\\\/04\\\/equito-1.png\",\"contentUrl\":\"https:\\\/\\\/nachoblanco.es\\\/wp-content\\\/uploads\\\/2023\\\/04\\\/equito-1.png\"},{\"@type\":\"BreadcrumbList\",\"@id\":\"https:\\\/\\\/nachoblanco.es\\\/de\\\/crowdlending-empfehlungscode\\\/#breadcrumb\",\"itemListElement\":[{\"@type\":\"ListItem\",\"position\":1,\"name\":\"Portada\",\"item\":\"https:\\\/\\\/nachoblanco.es\\\/de\\\/\"},{\"@type\":\"ListItem\",\"position\":2,\"name\":\"Crowdlending-Empfehlungscode\"}]},{\"@type\":\"WebSite\",\"@id\":\"https:\\\/\\\/nachoblanco.es\\\/de\\\/#website\",\"url\":\"https:\\\/\\\/nachoblanco.es\\\/de\\\/\",\"name\":\"Nacho Blancos blog\",\"description\":\"Meine Webseite. Meine Gedanken, Hobbys und Dinge, die mich interessieren.\",\"publisher\":{\"@id\":\"https:\\\/\\\/nachoblanco.es\\\/de\\\/#\\\/schema\\\/person\\\/0f134baa2fca526144a068c54f92d8d8\"},\"potentialAction\":[{\"@type\":\"SearchAction\",\"target\":{\"@type\":\"EntryPoint\",\"urlTemplate\":\"https:\\\/\\\/nachoblanco.es\\\/de\\\/?s={search_term_string}\"},\"query-input\":{\"@type\":\"PropertyValueSpecification\",\"valueRequired\":true,\"valueName\":\"search_term_string\"}}],\"inLanguage\":\"es\"},{\"@type\":[\"Person\",\"Organization\"],\"@id\":\"https:\\\/\\\/nachoblanco.es\\\/de\\\/#\\\/schema\\\/person\\\/0f134baa2fca526144a068c54f92d8d8\",\"name\":\"Nacho Blanco\",\"image\":{\"@type\":\"ImageObject\",\"inLanguage\":\"es\",\"@id\":\"https:\\\/\\\/nachoblanco.es\\\/de\\\/wp-content\\\/uploads\\\/2023\\\/12\\\/Nacho-Blanco-Coin-lite.png\",\"url\":\"https:\\\/\\\/nachoblanco.es\\\/de\\\/wp-content\\\/uploads\\\/2023\\\/12\\\/Nacho-Blanco-Coin-lite.png\",\"contentUrl\":\"https:\\\/\\\/nachoblanco.es\\\/de\\\/wp-content\\\/uploads\\\/2023\\\/12\\\/Nacho-Blanco-Coin-lite.png\",\"width\":400,\"height\":400,\"caption\":\"Nacho Blanco\"},\"logo\":{\"@id\":\"https:\\\/\\\/nachoblanco.es\\\/de\\\/wp-content\\\/uploads\\\/2023\\\/12\\\/Nacho-Blanco-Coin-lite.png\"},\"sameAs\":[\"https:\\\/\\\/nachoblanco.es\\\/de\"]}]}<\/script>\n<!-- \/ Yoast SEO plugin. -->","yoast_head_json":{"title":"Crowdlending-Empfehlungscode - Nacho Blancos blog","description":"Hier erhalten Sie den Crowdlending-Empfehlungscode f\u00fcr die Plattformen, mit denen ich zusammenarbeite oder das Empfehlungssystem f\u00fcr jede","robots":{"index":"index","follow":"follow","max-snippet":"max-snippet:-1","max-image-preview":"max-image-preview:large","max-video-preview":"max-video-preview:-1"},"canonical":"https:\/\/nachoblanco.es\/de\/crowdlending-empfehlungscode\/","og_locale":"es_ES","og_type":"article","og_title":"Crowdlending-Empfehlungscode - Nacho Blancos blog","og_description":"Hier erhalten Sie den Crowdlending-Empfehlungscode f\u00fcr die Plattformen, mit denen ich zusammenarbeite oder das Empfehlungssystem f\u00fcr jede","og_url":"https:\/\/nachoblanco.es\/de\/crowdlending-empfehlungscode\/","og_site_name":"Nacho Blancos blog","article_modified_time":"2023-12-02T09:11:47+00:00","og_image":[{"url":"https:\/\/nachoblanco.es\/wp-content\/uploads\/2023\/04\/equito-1.png","type":"","width":"","height":""}],"twitter_card":"summary_large_image","twitter_misc":{"Tiempo de lectura":"7 minutos"},"schema":{"@context":"https:\/\/schema.org","@graph":[{"@type":"WebPage","@id":"https:\/\/nachoblanco.es\/de\/crowdlending-empfehlungscode\/","url":"https:\/\/nachoblanco.es\/de\/crowdlending-empfehlungscode\/","name":"Crowdlending-Empfehlungscode - Nacho Blancos blog","isPartOf":{"@id":"https:\/\/nachoblanco.es\/de\/#website"},"primaryImageOfPage":{"@id":"https:\/\/nachoblanco.es\/de\/crowdlending-empfehlungscode\/#primaryimage"},"image":{"@id":"https:\/\/nachoblanco.es\/de\/crowdlending-empfehlungscode\/#primaryimage"},"thumbnailUrl":"https:\/\/nachoblanco.es\/wp-content\/uploads\/2023\/04\/equito-1.png","datePublished":"2023-12-02T09:11:46+00:00","dateModified":"2023-12-02T09:11:47+00:00","description":"Hier erhalten Sie den Crowdlending-Empfehlungscode f\u00fcr die Plattformen, mit denen ich zusammenarbeite oder das Empfehlungssystem f\u00fcr jede","breadcrumb":{"@id":"https:\/\/nachoblanco.es\/de\/crowdlending-empfehlungscode\/#breadcrumb"},"inLanguage":"es","potentialAction":[{"@type":"ReadAction","target":["https:\/\/nachoblanco.es\/de\/crowdlending-empfehlungscode\/"]}]},{"@type":"ImageObject","inLanguage":"es","@id":"https:\/\/nachoblanco.es\/de\/crowdlending-empfehlungscode\/#primaryimage","url":"https:\/\/nachoblanco.es\/wp-content\/uploads\/2023\/04\/equito-1.png","contentUrl":"https:\/\/nachoblanco.es\/wp-content\/uploads\/2023\/04\/equito-1.png"},{"@type":"BreadcrumbList","@id":"https:\/\/nachoblanco.es\/de\/crowdlending-empfehlungscode\/#breadcrumb","itemListElement":[{"@type":"ListItem","position":1,"name":"Portada","item":"https:\/\/nachoblanco.es\/de\/"},{"@type":"ListItem","position":2,"name":"Crowdlending-Empfehlungscode"}]},{"@type":"WebSite","@id":"https:\/\/nachoblanco.es\/de\/#website","url":"https:\/\/nachoblanco.es\/de\/","name":"Nacho Blancos blog","description":"Meine Webseite. Meine Gedanken, Hobbys und Dinge, die mich interessieren.","publisher":{"@id":"https:\/\/nachoblanco.es\/de\/#\/schema\/person\/0f134baa2fca526144a068c54f92d8d8"},"potentialAction":[{"@type":"SearchAction","target":{"@type":"EntryPoint","urlTemplate":"https:\/\/nachoblanco.es\/de\/?s={search_term_string}"},"query-input":{"@type":"PropertyValueSpecification","valueRequired":true,"valueName":"search_term_string"}}],"inLanguage":"es"},{"@type":["Person","Organization"],"@id":"https:\/\/nachoblanco.es\/de\/#\/schema\/person\/0f134baa2fca526144a068c54f92d8d8","name":"Nacho Blanco","image":{"@type":"ImageObject","inLanguage":"es","@id":"https:\/\/nachoblanco.es\/de\/wp-content\/uploads\/2023\/12\/Nacho-Blanco-Coin-lite.png","url":"https:\/\/nachoblanco.es\/de\/wp-content\/uploads\/2023\/12\/Nacho-Blanco-Coin-lite.png","contentUrl":"https:\/\/nachoblanco.es\/de\/wp-content\/uploads\/2023\/12\/Nacho-Blanco-Coin-lite.png","width":400,"height":400,"caption":"Nacho Blanco"},"logo":{"@id":"https:\/\/nachoblanco.es\/de\/wp-content\/uploads\/2023\/12\/Nacho-Blanco-Coin-lite.png"},"sameAs":["https:\/\/nachoblanco.es\/de"]}]}},"_links":{"self":[{"href":"https:\/\/nachoblanco.es\/de\/wp-json\/wp\/v2\/pages\/12","targetHints":{"allow":["GET"]}}],"collection":[{"href":"https:\/\/nachoblanco.es\/de\/wp-json\/wp\/v2\/pages"}],"about":[{"href":"https:\/\/nachoblanco.es\/de\/wp-json\/wp\/v2\/types\/page"}],"author":[{"embeddable":true,"href":"https:\/\/nachoblanco.es\/de\/wp-json\/wp\/v2\/users\/1"}],"replies":[{"embeddable":true,"href":"https:\/\/nachoblanco.es\/de\/wp-json\/wp\/v2\/comments?post=12"}],"version-history":[{"count":1,"href":"https:\/\/nachoblanco.es\/de\/wp-json\/wp\/v2\/pages\/12\/revisions"}],"predecessor-version":[{"id":20,"href":"https:\/\/nachoblanco.es\/de\/wp-json\/wp\/v2\/pages\/12\/revisions\/20"}],"wp:attachment":[{"href":"https:\/\/nachoblanco.es\/de\/wp-json\/wp\/v2\/media?parent=12"}],"curies":[{"name":"wp","href":"https:\/\/api.w.org\/{rel}","templated":true}]}}